{"id":608,"date":"2024-08-13T15:50:01","date_gmt":"2024-08-13T13:50:01","guid":{"rendered":"https:\/\/technische-boeden.de\/jobs-career\/"},"modified":"2024-08-27T14:35:54","modified_gmt":"2024-08-27T12:35:54","slug":"jobs-career","status":"publish","type":"page","link":"https:\/\/technische-boeden.de\/en\/jobs-career\/","title":{"rendered":"Jobs  Career"},"content":{"rendered":"\n<div class=\"wp-block-cover alignfull has-custom-content-position is-position-bottom-center\" style=\"padding-top:var(--wp--preset--spacing--20);padding-right:0;padding-bottom:var(--wp--preset--spacing--20);padding-left:0\"><span aria-hidden=\"true\" class=\"wp-block-cover__background has-custom-tb-blau-background-color has-background-dim\"><\/span><img loading=\"lazy\" decoding=\"async\" width=\"2560\" height=\"1350\" sizes=\"auto, (max-width: 799px) 200vw,(max-width: 2560px) 100vw,2560px\" class=\"wp-block-cover__image-background wp-image-553\" alt=\"\" src=\"https:\/\/technische-boeden.de\/wp-content\/uploads\/2024\/08\/shutterstock_2389090115-scaled.jpg\" style=\"object-position:34% 42%\" data-object-fit=\"cover\" data-object-position=\"34% 42%\" srcset=\"https:\/\/technische-boeden.de\/wp-content\/uploads\/2024\/08\/shutterstock_2389090115-scaled.jpg 2560w, https:\/\/technische-boeden.de\/wp-content\/uploads\/2024\/08\/shutterstock_2389090115-300x158.jpg 300w, https:\/\/technische-boeden.de\/wp-content\/uploads\/2024\/08\/shutterstock_2389090115-1024x540.jpg 1024w, https:\/\/technische-boeden.de\/wp-content\/uploads\/2024\/08\/shutterstock_2389090115-768x405.jpg 768w, https:\/\/technische-boeden.de\/wp-content\/uploads\/2024\/08\/shutterstock_2389090115-1536x810.jpg 1536w, https:\/\/technische-boeden.de\/wp-content\/uploads\/2024\/08\/shutterstock_2389090115-2048x1080.jpg 2048w, https:\/\/technische-boeden.de\/wp-content\/uploads\/2024\/08\/shutterstock_2389090115-500x264.jpg 500w, https:\/\/technische-boeden.de\/wp-content\/uploads\/2024\/08\/shutterstock_2389090115-800x422.jpg 800w, https:\/\/technische-boeden.de\/wp-content\/uploads\/2024\/08\/shutterstock_2389090115-1280x675.jpg 1280w, https:\/\/technische-boeden.de\/wp-content\/uploads\/2024\/08\/shutterstock_2389090115-1920x1013.jpg 1920w\" \/><div class=\"wp-block-cover__inner-container has-global-padding is-layout-constrained wp-container-core-cover-is-layout-982ec413 wp-block-cover-is-layout-constrained\">\n<div class=\"wp-block-group alignwide has-global-padding is-layout-constrained wp-block-group-is-layout-constrained\">\n<h1 class=\"wp-block-heading has-base-2-color has-text-color has-link-color has-xx-large-font-size wp-elements-516a46ea96290d69a1a410e330b121b8\">It&#8217;s up to you!<\/h1>\n<\/div>\n<\/div><\/div>\n\n\n\n<div style=\"margin-top:0;margin-bottom:0;height:50px\" aria-hidden=\"true\" class=\"wp-block-spacer\"><\/div>\n\n\n\n<h3 class=\"wp-block-heading has-custom-tb-gr-n-color has-text-color has-link-color has-medium-font-size wp-elements-203a65c7f75a46d071546104ab64bed3\">Are you wondering how you can imagine working and what gives you meaning and fulfilment?<\/h3>\n\n\n\n<p>Then you&#8217;ve come to the right place, because we are looking for people with a passion for geology, who also encourage to think differently and break new ground &#8211; a culture that values new approaches and reflects society with its different backgrounds, nationalities, skills and ways of thinking.<\/p>\n\n\n\n<p>With our technical soil, we want to offer an answer to the major challenges in civil engineering. Our curiosity drives us and makes us pioneers and innovators.<\/p>\n\n\n\n<p>Contribute your expertise and join the future of civil engineering with us!<\/p>\n\n\n\n<div style=\"height:50px\" aria-hidden=\"true\" class=\"wp-block-spacer\"><\/div>\n\n\n\n<div class=\"wp-block-nk-awb nk-awb alignwide job\" style=\"padding-top:var(--wp--preset--spacing--30);padding-bottom:var(--wp--preset--spacing--30)\"><div class=\"nk-awb-wrap\" data-awb-type=\"image\" data-awb-parallax=\"scroll\" data-awb-parallax-speed=\"0.5\" data-awb-parallax-mobile=\"false\" data-awb-image-background-size=\"cover\" data-awb-image-background-position=\"50% 50%\"><div class=\"nk-awb-overlay\" style=\"background: #0068b3cc;\"><\/div><div class=\"nk-awb-inner\"><img loading=\"lazy\" decoding=\"async\" src=\"https:\/\/technische-boeden.de\/wp-content\/uploads\/2024\/08\/20240612_120058-scaled.jpg\" class=\"wp-image-130 jarallax-img\" width=\"2560\" height=\"1920\" srcset=\"https:\/\/technische-boeden.de\/wp-content\/uploads\/2024\/08\/20240612_120058-scaled.jpg 2560w, https:\/\/technische-boeden.de\/wp-content\/uploads\/2024\/08\/20240612_120058-300x225.jpg 300w, https:\/\/technische-boeden.de\/wp-content\/uploads\/2024\/08\/20240612_120058-1024x768.jpg 1024w, https:\/\/technische-boeden.de\/wp-content\/uploads\/2024\/08\/20240612_120058-768x576.jpg 768w, https:\/\/technische-boeden.de\/wp-content\/uploads\/2024\/08\/20240612_120058-1536x1152.jpg 1536w, https:\/\/technische-boeden.de\/wp-content\/uploads\/2024\/08\/20240612_120058-2048x1536.jpg 2048w, https:\/\/technische-boeden.de\/wp-content\/uploads\/2024\/08\/20240612_120058-500x375.jpg 500w, https:\/\/technische-boeden.de\/wp-content\/uploads\/2024\/08\/20240612_120058-800x600.jpg 800w, https:\/\/technische-boeden.de\/wp-content\/uploads\/2024\/08\/20240612_120058-1280x960.jpg 1280w, https:\/\/technische-boeden.de\/wp-content\/uploads\/2024\/08\/20240612_120058-1920x1440.jpg 1920w\" sizes=\"auto, (max-width: 2560px) 100vw, 2560px\" \/><\/div><\/div><div class=\"nk-awb-wrap-content has-global-padding is-layout-constrained wp-block-nk-awb-is-layout-constrained\">\n<div class=\"wp-block-group is-content-justification-space-between is-nowrap is-layout-flex wp-container-core-group-is-layout-cb46ffcb wp-block-group-is-layout-flex\">\n<h3 class=\"wp-block-heading has-base-2-color has-text-color has-link-color wp-elements-caea319bdfe680b6cc95bb4d4a1063dc\">Geologe (M\/W\/D)<\/h3>\n\n\n\n<figure class=\"wp-block-image size-full is-resized\"><img loading=\"lazy\" decoding=\"async\" width=\"78\" height=\"53\" src=\"https:\/\/technische-boeden.de\/wp-content\/uploads\/2024\/08\/Ausklappen.png\" alt=\"\" class=\"wp-image-214\" style=\"width:30px\"\/><\/figure>\n<\/div>\n\n\n\n<div class=\"wp-block-group job-cont has-base-2-color has-text-color has-link-color wp-elements-95ab7b960f30586d5f10e711c7a0b7e1 has-global-padding is-layout-constrained wp-block-group-is-layout-constrained\">\n<div style=\"height:1em\" aria-hidden=\"true\" class=\"wp-block-spacer\"><\/div>\n\n\n\n<p>Werdet Teil der Energiewende!<\/p>\n\n\n\n<p>Wir sind eine erfolgreiche, mittelst\u00e4ndische Materialpr\u00fcfstelle\/Gutachterb\u00fcro mit gro\u00dfem Wachstum und einem ganz neuen, innovativen Verfahren im Tiefbau.<\/p>\n\n\n\n<p>Nun suchen wir Dich f\u00fcr unsere Zentrale in Leer (Ostfriesland) und f\u00fcr unsere Niederlassung im s\u00fcdlichen Baden-W\u00fcrttemberg als<\/p>\n\n\n\n<p>Geologen m\/w\/d<\/p>\n\n\n\n<p>Es erwarten Euch viele spannende Projekte rund um ein ganz neues, innovatives Verfahren im Tiefbau.<\/p>\n\n\n\n<p>Das bieten wir:<\/p>\n\n\n\n<ul class=\"wp-block-list is-style-default\">\n<li>Attraktive Jahresgeh\u00e4lter bis zu 65.000,- EUR nach Berufserfahrung<\/li>\n\n\n\n<li>Eine intensive, sehr professionelle Einarbeitungsphase<\/li>\n\n\n\n<li>Eine interessante, zukunftssichere Position<\/li>\n\n\n\n<li>Fachliche und pers\u00f6nliche Fortbildungen<\/li>\n\n\n\n<li>Ein stark expandierendes Unternehmen mit sehr gutem Ruf innerhalb seiner Branche<\/li>\n\n\n\n<li>Zus\u00e4tzliche Benefits wie ein Zuschuss zur Betrieblichen Altersversorgung, Gutscheine, E-Bikes u.v.m.<\/li>\n<\/ul>\n\n\n\n<p>Deine Aufgaben:<\/p>\n\n\n\n<ul class=\"wp-block-list is-style-default\">\n<li>Du f\u00fchrst selbst\u00e4ndig Gel\u00e4ndearbeiten durch<\/li>\n\n\n\n<li>Du schreibst eigenst\u00e4ndig Gutachten<\/li>\n\n\n\n<li>Du managst eigene Projekte<\/li>\n\n\n\n<li>Du arbeitest auch gern im bodenmechanischem Labor<\/li>\n\n\n\n<li>Du nimmst geotechnische Baubegleitungen bei gr\u00f6\u00dferen Bauvorhaben vor<\/li>\n\n\n\n<li>Du pflegst und baust Kundenkontakte aus<\/li>\n<\/ul>\n\n\n\n<p>Das bringst Du mit:<\/p>\n\n\n\n<ul class=\"wp-block-list is-style-tw-checkmark\">\n<li>Du hast eine Ausbildung als Dipl.-Geologe, M.Sc. Geowissenschaftler, Dipl.-Ing. Tiefbau, Bodenkundler oder bist ein Wirtschaftsingenieur mit geologischen Vorkenntnissen oder einem vergleichbaren Ausbildungshintergrund und bringst idealerweise mindestens 3 Jahre Berufserfahrung mit<\/li>\n\n\n\n<li>Du hast bereits bewiesen, dass Du selbstst\u00e4ndig geotechnische Gutachten schreiben kannst<\/li>\n\n\n\n<li>Du arbeitest gern in einem Team bestehend aus Geologen, Ingenieuren und Baustoffpr\u00fcfern (m\/w\/d)<\/li>\n\n\n\n<li>Hohes Engagement, Eigeninitiative, Hands-on Mentalit\u00e4t<\/li>\n\n\n\n<li>Reisebereitschaft<\/li>\n\n\n\n<li>Kundenorientierung<\/li>\n<\/ul>\n\n\n\n<p>Haben wir Dein Interesse geweckt? Dann sende bitte Deine vollst\u00e4ndigen Bewerbungsunterlagen inkl. Gehaltsvorstellung an:  <\/p>\n\n\n\n<h3 class=\"wp-block-heading has-base-2-color has-text-color has-link-color has-medium-font-size wp-elements-1345c7eb59dd5c8332ee53680b0d933b\">karriere@technische-boeden.de<\/h3>\n\n\n\n<p>z.Hd. Andreas Grabe <\/p>\n\n\n\n<p>Wir freuen uns auf Deine Bewerbung!<\/p>\n<\/div>\n<\/div><\/div>\n\n\n\n<div style=\"margin-top:0;margin-bottom:0;height:50px\" aria-hidden=\"true\" class=\"wp-block-spacer\"><\/div>\n\n\n\n<div class=\"wp-block-cover alignfull is-light\" style=\"margin-top:0;margin-bottom:0;padding-top:0;padding-bottom:0\"><span aria-hidden=\"true\" class=\"wp-block-cover__background has-custom-tb-blau-background-color has-background-dim\"><\/span><video class=\"wp-block-cover__video-background intrinsic-ignore\" autoplay muted loop playsinline src=\"https:\/\/technische-boeden.de\/wp-content\/uploads\/2024\/08\/TB_Zukunft.mp4\" style=\"object-position:51% 58%\" data-object-fit=\"cover\" data-object-position=\"51% 58%\"><\/video><div class=\"wp-block-cover__inner-container has-global-padding is-layout-constrained wp-block-cover-is-layout-constrained\">\n<p class=\"has-text-align-center has-large-font-size\"><\/p>\n<\/div><\/div>\n\n\n\n<div style=\"margin-top:0;margin-bottom:0;height:50px\" aria-hidden=\"true\" class=\"wp-block-spacer\"><\/div>\n\n\n\n<h2 class=\"wp-block-heading has-text-align-center\">Take the initiative now!<\/h2>\n\n\n\n<p>Even if there is no interesting position for you right now we would still like to get to know you and look forward to your documents.<\/p>\n\n\n\n<p>Send us your application by e-mail to:<\/p>\n\n\n\n<p>Technical Soil<br>Andreas Grabe <\/p>\n\n\n\n<h3 class=\"wp-block-heading has-medium-font-size\">karriere@technische-boeden.de<\/h3>\n","protected":false},"excerpt":{"rendered":"<p>Are you wondering how you can imagine working and what gives you meaning and fulfilment? Then you&#8217;ve come to the right place, because we are looking for people with a passion for geology, who also encourage to think differently and break new ground &#8211; a culture that values new approaches and reflects society with its [&hellip;]<\/p>\n","protected":false},"author":1,"featured_media":0,"parent":0,"menu_order":0,"comment_status":"closed","ping_status":"closed","template":"wp-custom-template-std-seite","meta":{"footnotes":""},"class_list":["post-608","page","type-page","status-publish","hentry"],"_links":{"self":[{"href":"https:\/\/technische-boeden.de\/en\/wp-json\/wp\/v2\/pages\/608","targetHints":{"allow":["GET"]}}],"collection":[{"href":"https:\/\/technische-boeden.de\/en\/wp-json\/wp\/v2\/pages"}],"about":[{"href":"https:\/\/technische-boeden.de\/en\/wp-json\/wp\/v2\/types\/page"}],"author":[{"embeddable":true,"href":"https:\/\/technische-boeden.de\/en\/wp-json\/wp\/v2\/users\/1"}],"replies":[{"embeddable":true,"href":"https:\/\/technische-boeden.de\/en\/wp-json\/wp\/v2\/comments?post=608"}],"version-history":[{"count":4,"href":"https:\/\/technische-boeden.de\/en\/wp-json\/wp\/v2\/pages\/608\/revisions"}],"predecessor-version":[{"id":682,"href":"https:\/\/technische-boeden.de\/en\/wp-json\/wp\/v2\/pages\/608\/revisions\/682"}],"wp:attachment":[{"href":"https:\/\/technische-boeden.de\/en\/wp-json\/wp\/v2\/media?parent=608"}],"curies":[{"name":"wp","href":"https:\/\/api.w.org\/{rel}","templated":true}]}}